{"id":35,"date":"2017-12-07T13:53:14","date_gmt":"2017-12-07T18:53:14","guid":{"rendered":"https:\/\/sgm.qc.ca\/saint-marguerite-dyouville\/"},"modified":"2019-11-14T17:00:15","modified_gmt":"2019-11-14T22:00:15","slug":"saint-marguerite-dyouville","status":"publish","type":"page","link":"https:\/\/sgm.qc.ca\/en\/saint-marguerite-dyouville\/","title":{"rendered":"Saint Marguerite d&#8217;Youville"},"content":{"rendered":"<div class=\"wpb-content-wrapper\"><p>[vc_row chk_border=&#8221;true&#8221;][vc_column]<h1 class=\" ode-heading ode-heading-underline\">Saint Marguerite d&#8217;Youville<\/h1>[vc_toggle title=&#8221;Her history&#8221;]Marguerite Dufrost de Lajemmerais was born in Varennes, Quebec, in 1701. She married Fran\u00e7ois Youville de la D\u00e9couverte and was early widowed. In 1737, she founded the community of The Sisters of Charity of Montreal. In consideration of her exceptional life of devotion and compassion for her brothers and sisters of the human family, she was canonized by Pope John Paul II in 1990. Her Mortal Remains rest in the Basilica of Saint-Anne in Varennes, where a chapel is dedicated to her.<\/p>\n<h3>Marie Marguerite Dufrost de Lajemmerais the Widow Youville<\/h3>\n<p>The portrait of Marguerite d\u2019Youville by Fran\u00e7ois Beaucourt was based on a portrait sketched by Philippe Li\u00e9bert on the day after her death in 1771. Twenty years later, the artist was also inspired by the memories of her companions. He shows us the face of an older woman marked by life.<\/p>\n<p>Marguerite\u2019s son Charles, the author of her first biography, described her thus: \u201cShe was one of the most beautiful women of her time. She had light brown hair, a rosy complexion, keen and expressive eyes, and perfectly even features. She was tall and very distinguished looking.\u201d According to Charles, Marguerite d\u2019Youville loved life\u2019s pleasures. Her contemporary the Sulpician Montgolfier, who admired her organizational abilities, said that she possessed an unusual intelligence.<\/p>\n<p>Beyond these traits, the innumerable trials of her life developed in her a deep spirituality that revealed itself in her compassion for the poor. Her letters reveal a gentle firmness, a precise understanding of business matters, and a good judgement; these qualities enabled her to restore and courageously administer the General Hospital of Montreal during the difficult years at the end of the French rule.<\/p>\n<figure id=\"attachment_90\" aria-describedby=\"caption-attachment-90\" style=\"width: 100px\" class=\"wp-caption alignleft\"><img loading=\"lazy\" decoding=\"async\" class=\"wp-image-90 size-full\" src=\"https:\/\/sgm.qc.ca\/wp-content\/uploads\/2017\/12\/ste-marguerite-dyouville.jpg\" alt=\"\" width=\"100\" height=\"133\" \/><figcaption id=\"caption-attachment-90\" class=\"wp-caption-text\">M\u00e8re d\u2019Youville Fran\u00e7ois Beaucourt, 1792 Collection des S\u0153urs Grises de Montr\u00e9al 1973.A. 026<\/figcaption><\/figure>\n<h2>Marguerite\u2019s surnames: Lajemmerais or La Gemerais, Youville or d\u2019Youville<\/h2>\n<p>In Marguerite d\u2019Youville\u2019s time, the spelling of proper names frequently varied. Fran\u00e7ois Lad\u00e9couverte, called Youville, was the son of Pierre You, Sieur de la D\u00e9couverte, who was thus named because he had taken part with the Cavalier de la Salle in the discovery of Louisiana. On his wedding contract he signed his name as Fran\u00e7ois Youville De la D\u00e9couverte. It was Marguerite d\u2019Youville\u2019s biographer, the Abb\u00e9 \u00c9tienne-Michel Faillon, who added the \u201cd\u201d to Youville for reasons of euphony.<\/p>\n<p>As for Marguerite\u2019s family name, it was sometimes spelled Dufrost de la Gemerais and sometimes de la Jemerais. Her bursar in Paris asked her to sign it always in the same way; but in the last years of her life, she signed her name as M.M. Lajemmerais, Widow Youville.[\/vc_toggle][vc_toggle title=&#8221;Her spirituality&#8221;]<\/p>\n<div id=\"z4\">\n<div id=\"z4\">\n<div id=\"z4\">\n<div id=\"z4\">\n<p>The spirituality of Marguerite d\u2019Youville can be situated within the wider stream of Catholic reform in France in the seventeenth century. A number of mystics and theologians came out of this movement, including Saint Jean Eudes, Saint Vincent de Paul, and Jean-Jacques Olier, the founder of the Society of the Priests of Saint-Sulpice. The members of that Society were the Lords Proprietor of the island of Montreal from 1659. They were in charge of the parish of Notre Dame; and one of them, Louis Normant de Faradon, became the spiritual director of Marguerite d\u2019Youville after Gabriel du Lesc\u00f6at.<\/p>\n<p>In 1727, like a number of Montreal ladies, Marguerite d\u2019Youville joined the Confraternity of the Ladies of the Holy Family. According to her biographers, it was at this time that she experienced a mystical encounter with God the Eternal Father. She was often alone and mourning the deaths of three of her children. Perhaps she recalled the words of her great-grandfather Pierre Boucher: \u201cGod will care for you, and He will be a Father to you.\u201d All her life Marguerite d\u2019Youville had a strong devotion to and trust in God the Father and his Divine Providence. In 1766, she wrote, \u201cThe Divine Father has been the object of all my trust for nearly forty years.\u201d<\/p>\n<p>This trust in the goodness of God and his justice towards all enabled her to achieve charitable works of astonishing scope, even by today\u2019s standards. It becomes explicit if are considered that she laid the foundations for the social and community services that we are currently familiar with in our society. In a recent study, Sister Estelle Tardif, SGM, interpreted Marguerite\u2019s thought in the following way: \u201cThe cry for help from the poor did not come to her only from without; it arose from within herself, a poor person among poor people. A woman of silence, she experienced a profound communion with the fatherhood of God and was able to hear the cry of the poor without the poor making a sound. For her, the poorest of the poor was the person who had the greatest need of God in order to become a man or woman. Her dream was \u2018to liberate the poorest of the poor in an encounter of the poor with the poor, to liberate the poor person by teaching him or her, through action that he or she is loved.\u201d<\/p>\n<p>Marguerite d\u2019Youville left to her contemporaries and to future generations a spiritual legacy marked by an unconditional compassion for the poor and an inextinguishable faith in God the Father and His Providence. Her example will remain forever a source of inspiration for those who are working for the coming of a civilization of love and justice.<\/p>\n<\/div>\n<div id=\"z5\">\n<h3>The Eternal Father<\/h3>\n<p>As a result of a promise Marguerite made to obtain the healing of her spiritual director, Louis Normant de Faradon, PSS, and at the request of one of her companions who wanted to see a representation of the Eternal Father, she ordered from France a painting depicting the Eternal Father. In our century of images, this request might seem a little naive; but in the eighteenth century, the painting served as a focus of meditation for the little community.<\/p>\n<h3>Divine Providence<\/h3>\n<figure id=\"attachment_92\" aria-describedby=\"caption-attachment-92\" style=\"width: 150px\" class=\"wp-caption alignleft\"><img loading=\"lazy\" decoding=\"async\" class=\"wp-image-92 size-full\" src=\"https:\/\/sgm.qc.ca\/wp-content\/uploads\/2017\/12\/pere-eternel.jpg\" alt=\"\" width=\"150\" height=\"192\" \/><figcaption id=\"caption-attachment-92\" class=\"wp-caption-text\">The Eternal Father Attributed to the Workshop of Jean Jouvenet Before 1741 Collection of The Grey Nuns of Montreal 1974.A.100<\/figcaption><\/figure>\n<p>For Marguerite, God was a Father on whom she could count. The name given to God under the aspect of his care for us is the Providential God, or Divine Providence. It is the way in which God shows his care in the concrete events of our lives through intermediaries who are attentive to needs of the poor and marginalized.<\/p>\n<p>This faith in Divine Providence made Marguerite bold in her choice of life. Through storm and tempest, she stood firm, knowing that God\u2019s help was assured to her since she was seeking the well-being of the poor. She testified to this frequently.<\/p>\n<p>\u201cProvidence is wonderful, it has means we cannot understand to relieve those who trust in it, it provides for everything, in it is my trust.\u201d<br \/>\n17 October 1768<\/p>\n<p>\u201cBlessed be God! Divine Providence provides for everything; all my trust is in it.\u201d<br \/>\n21 September 1771<\/p>\n<\/div>\n<\/div>\n<\/div>\n<\/div>\n<p>[\/vc_toggle][vc_toggle title=&#8221;Her words&#8221;]<\/p>\n<div id=\"z4\">\n<div id=\"z4\">\n<p>The Archives of The Grey Nuns of Montreal contain many of the letters written by Marguerite d\u2019Youville since she kept copies of the letters she sent. One part of the letters is the epistolary evidence of the famous quarrel she had with Intendant Bigot, who wanted to close the General Hospital of Montreal and move the residents to Quebec City.<\/p>\n<p>Throughout her letters, Marguerite defended her Hospital with great intelligence and determination. She replied to all the arguments put forward by Bigot, who was contesting the amount of money spent on the renovations for the maintenance of the boarders. One can feel her skill as an administrator and her determination to save her work.<\/p>\n<\/div>\n<div id=\"z5\">\n<h2>Letter to Intendant Bigot:<\/h2>\n<p>\u201cYou do me the honour, Sir, to remark that I should have the fields sown before turning them over to the sisters of Quebec City. I can assure you that when I came here I found no fields sown nor a single furrow of fallow land ploughed. It is I who had the ploughing and sowing done. Therefore, Sir, I am bound to leave things only as I found them.\u201d<br \/>\n16 February 1751<\/p>\n<p>Another part of the letters is addressed to her bursars in France who were trying to recover the money lent to the King during the War of Conquest. She also wrote to members of her family who had returned to France. There is a great deal of humanity in her words.<\/p>\n<h2>Letter to her niece Josephte Gamelin:<\/h2>\n<p>\u201cLet us hear the news of yourself and your dear daughters. The only consolation we have in our having been abandoned by France is to have news of our friends.\u201d<br \/>\n23 July 1763<\/p>\n<p>It is through her letters that one gets a better sense of her spirituality and her compassion for the poor:<\/p>\n<p>\u201cO Lord, my poverty is extreme. I have no worldly goods to give away, but I shall give myself, my time, and my work. I shall sow but a little, it is true, but your mercy will make of that little an infinite harvest.\u201d 1727<\/p>\n<p>\u201cThe Divine Father has been the object of all my trust for nearly forty years.\u201d<br \/>\n12 October 1766<\/p>\n<p>\u201cProvidence is wonderful, it has means we cannot understand to relieve those who put their trust in it, it provides for everything, in it is my trust.\u201d<br \/>\n17 October 1768<\/p>\n<p>\u201cBlessed be God! Divine Providence provides for everything; all my trust is in it.\u201d<br \/>\n21 September 1771<\/p>\n<p>Sometimes, she felt a little overwhelmed by events, but she was never discouraged.<\/p>\n<p>\u201cThere is a great deal of good we could do if we had anything. Every day poor people who are truly in need come to us. We do not have any more room to accommodate them, and it is with a heavy heart that I turn them away, but I have to do so. [\u2026] Had I known where I could get [the amount needed] without stealing it, I could have quickly erected a building that would accommodate close to two hundred, but I have nothing.\u201d<br \/>\n22 September 1769<\/p>\n<\/div>\n<\/div>\n<p>[\/vc_toggle][vc_toggle title=&#8221;Her spiritual testament&#8221;]<\/p>\n<div id=\"z4\">\n<div id=\"z4\">\n<p>\u201cMy dear Sisters, be constantly faithful to the duties of the state that you have embraced. Walk always in the path of regularity, obedience, and mortification. But above all, let the most perfect union reign among you.\u201d<br \/>\nWords of Mother d\u2019Youville, 14 December 1771<\/p>\n<p><img loading=\"lazy\" decoding=\"async\" width=\"200\" height=\"299\" class=\"size-full wp-image-94 alignright\" src=\"https:\/\/sgm.qc.ca\/wp-content\/uploads\/2017\/12\/statut.jpg\" alt=\"\" \/><\/p>\n<p><em>Let us entrust our intentions to Saint Marguerite d\u2019Youville<\/em><\/p>\n<p><em>Prayer<\/em><\/p>\n<p>O Saint Marguerite d\u2019Youville,<br \/>\nyou who spent your life<br \/>\nhelping people in need,<br \/>\nplease help me<br \/>\nin my present need.<\/p>\n<p>I know that your prayers are powerful<br \/>\nbefore God the Father,<br \/>\nand I rely on you<br \/>\nto obtain this petition<br \/>\nthat I am making in complete trust.<\/p>\n<p>Mother of Universal Charity,<br \/>\nmay your example encourage me<br \/>\nto seek God before all else<br \/>\nand to serve Him<br \/>\nin my brothers and sisters in need.<\/p>\n<p>Amen<\/p>\n<\/div>\n<\/div>\n<p>[\/vc_toggle][vc_toggle title=&#8221;In the footsteps of marguerite d\u2019Youville&#8221;]<\/p>\n<div id=\"z4\">\n<div id=\"z4\">\n<p>Many people have committed themselves to following the example of Marguerite d\u2019Youville \u201cto love Jesus Christ and the poor\u201d. Even today, God is still calling people to this way of life. The Grey Nuns of Montreal are open to collaborating in the Church with the vocational ministry to encourage young people and not-so-young people to recognize God\u2019s calling.<\/p>\n<p>Religious life is undergoing a process of renewal in its way of life and its participation in the Church and the world. There is deep questioning of what can emerge from these new kinds of life projects.<\/p>\n<p>How can we follow in the footsteps of Marguerite d\u2019Youville?<\/p>\n<p>We can do so as persons consecrated by vows, as men and women Associates of Saint Marguerite d\u2019Youville by promises made, or as partners in her charitable works.<\/p>\n<h2>The Associates of Saint Marguerite d\u2019Youville<\/h2>\n<p>The Associates of Saint Marguerite d\u2019Youville was founded by a committee of laypeople and Sisters in 1983. The Associates are committed to sharing the spirituality and mission of the Grey Nuns in their own lives. They are inspired by the principle of God the Father\u2019s compassionate love as revealed by Marguerite d\u2019Youville. Their goal is to help people in difficulty around them, in addition to healing people in their family and professional lives. Each year, they renew their commitment and take part in activities of spiritual renewal and other apostolic projects.<\/p>\n<ul>\n<li class=\" last\"><a href=\"\/wp-content\/uploads\/2018\/02\/the_associates.pdf\" target=\"_blank\" rel=\"noopener noreferrer\">The Associates of Saint Marguerite d&#8217;Youville<\/a><\/li>\n<\/ul>\n<h2>The partners<\/h2>\n<p>A number of laymen and laywomen from different backgrounds share the mission and values of The Grey Nuns of Montreal. Thanks to them, the spirit of Marguerite d\u2019Youville is very much alive and thriving. Whether they are Associates, volunteers, or co-workers, these people are following the example of the Foundress. Like her, they are serving the most deprived people with the same devotion and the same vision.<\/p>\n<\/div>\n<\/div>\n<p>[\/vc_toggle][vc_toggle title=&#8221;Bibliography&#8221;]<\/p>\n<div id=\"z4\">\n<div id=\"z4\">\n<div id=\"z4\">\n<div id=\"z4\">\n<p>Beauchamp, Andr\u00e9, Libres propos sur Marguerite du Frost de Lajemmerais 1701-1771, Centre St-Pierre, 31 octobre 2001.<\/p>\n<p>Cliche, Marie-Aim\u00e9e, Les pratiques de d\u00e9votion en Nouvelle-France, Qu\u00e9bec, Les presses de l\u2019Universit\u00e9 Laval, 1988.<\/p>\n<p>Faillon, \u00c9tienne-Michel, p.s.s., Vie de Mme d\u2019Youville, fondatrice des S\u0153urs de la Charit\u00e9 de Ville-Marie dans l\u2019\u00cele de Montr\u00e9al, en Canada, Villemarie, chez les S\u0153urs de la Charit\u00e9, 1852.<\/p>\n<p>Fauteux, s\u0153ur Albina, L\u2019H\u00f4pital g\u00e9n\u00e9ral des s\u0153urs de la Charit\u00e9 (S\u0153urs Grises) depuis la fondation jusqu\u2019\u00e0 nos jours, Montr\u00e9al, Les s\u0153urs Grises, 1916.<\/p>\n<p>Ferland-Angers, Albertine, Vie de la v\u00e9n\u00e9rable Marie-Marguerite du Frost de Lajemmerais, veuve d\u2019Youville, Montr\u00e9al, Librairie Beauchemin, 1945.<\/p>\n<p>Lemire, Rose-Alma, sgm, Une marguerite au milieu des pauvres, 1990<\/p>\n<p>Lessard, Renald, Se soigner au Canada aux XVIIe et XVIIIe si\u00e8cles, Hull, Mus\u00e9e canadien des civilisations, 1989.<\/p>\n<p>Mitchell, Estelle, sgm, Le vrai visage de Marguerite d\u2019Youville, Montr\u00e9al, Beauchemin. 1973<\/p>\n<p>Mitchell, Estelle, sgm, L\u2019essor apostolique, S\u0153urs de la Charit\u00e9 de l\u2019h\u00f4pital g\u00e9n\u00e9ral de Montr\u00e9al, S\u0153urs Grises (1877-1910), Tome IV, Montr\u00e9al, \u00e9ditions du M\u00e9ridien, 2000.<\/p>\n<p>Mitchell, Estelle, sgm, En toute disponibilit\u00e9, S\u0153urs de la Charit\u00e9 de l\u2019h\u00f4pital g\u00e9n\u00e9ral de Montr\u00e9al, S\u0153urs Grises (1910-1935), Tome V, Montr\u00e9al, \u00e9ditions Continentales, 1996.<\/p>\n<p>Mitchell, Estelle, sgm, \u00c0 travers vents et mar\u00e9es. S\u0153urs de la Charit\u00e9 de l\u2019h\u00f4pital g\u00e9n\u00e9ral de Montr\u00e9al, S\u0153urs Grises (1936-1960), Montr\u00e9al, \u00e9ditions du M\u00e9ridien, 1999.<\/p>\n<p>Sattin, Antoine, pss, vie de Madame Youville, Qu\u00e9bec, Qu\u00e9bec, 1930.<\/p>\n<p>Sainte Marguerite d\u2019Youville 1701-1771, (brochure illustr\u00e9e) 2006<\/p>\n<p>S\u0153urs Grises de Montr\u00e9al L\u2019H\u00f4pital g\u00e9n\u00e9ral de Montr\u00e9al, Tome premier, 1915, Tome II, 1933, Tome III, 1938.<\/p>\n<p>Tard, Louis-Martin, Marguerite d\u2019Youville. Au service des exclus. Montr\u00e9al, collection Les grandes figures, XYZ \u00e9diteur, 1998.<\/p>\n<p>Tardif, Estelle, sgm, Marguerite d\u2019Youville, le cri des pauvres, Montr\u00e9al, \u00c9ditions Bellarmin, 2001.<\/p>\n<\/div>\n<\/div>\n<\/div>\n<\/div>\n<p>[\/vc_toggle][\/vc_column][\/vc_row]<\/p>\n<\/div>","protected":false},"excerpt":{"rendered":"[vc_row chk_border=&#8221;true&#8221;][vc_column][vc_toggle title=&#8221;Her history&#8221;]Marguerite Dufrost de Lajemmerais was born in Varennes, Quebec, in 1701. She married Fran\u00e7ois Youville de la D\u00e9couverte and was early widowed. In 1737, she founded the [&hellip;]","protected":false},"author":4,"featured_media":0,"parent":0,"menu_order":0,"comment_status":"closed","ping_status":"closed","template":"","meta":{"_acf_changed":false,"_exactmetrics_skip_tracking":false,"_exactmetrics_sitenote_active":false,"_exactmetrics_sitenote_note":"","_exactmetrics_sitenote_category":0,"footnotes":""},"class_list":["post-35","page","type-page","status-publish","hentry"],"acf":[],"_links":{"self":[{"href":"https:\/\/sgm.qc.ca\/en\/wp-json\/wp\/v2\/pages\/35","targetHints":{"allow":["GET"]}}],"collection":[{"href":"https:\/\/sgm.qc.ca\/en\/wp-json\/wp\/v2\/pages"}],"about":[{"href":"https:\/\/sgm.qc.ca\/en\/wp-json\/wp\/v2\/types\/page"}],"author":[{"embeddable":true,"href":"https:\/\/sgm.qc.ca\/en\/wp-json\/wp\/v2\/users\/4"}],"replies":[{"embeddable":true,"href":"https:\/\/sgm.qc.ca\/en\/wp-json\/wp\/v2\/comments?post=35"}],"version-history":[{"count":2,"href":"https:\/\/sgm.qc.ca\/en\/wp-json\/wp\/v2\/pages\/35\/revisions"}],"predecessor-version":[{"id":3869,"href":"https:\/\/sgm.qc.ca\/en\/wp-json\/wp\/v2\/pages\/35\/revisions\/3869"}],"wp:attachment":[{"href":"https:\/\/sgm.qc.ca\/en\/wp-json\/wp\/v2\/media?parent=35"}],"curies":[{"name":"wp","href":"https:\/\/api.w.org\/{rel}","templated":true}]}}